{"id":104770,"date":"2025-01-08T14:42:53","date_gmt":"2025-01-08T14:42:53","guid":{"rendered":"https:\/\/nkolimpija.si\/club\/legends\/radoslav-becejac\/"},"modified":"2025-01-31T14:14:21","modified_gmt":"2025-01-31T14:14:21","slug":"radoslav-becejac","status":"publish","type":"page","link":"https:\/\/nkolimpija.si\/en\/club\/legends\/radoslav-becejac\/","title":{"rendered":"Radoslav Be\u010dejac"},"content":{"rendered":"<p>[et_pb_section fb_built=&#8221;1&#8243; module_class=&#8221;dp_bread&#8221; _builder_version=&#8221;4.27.4&#8243; _module_preset=&#8221;default&#8221; background_image=&#8221;https:\/\/nkolimpija.si\/wp-content\/uploads\/2024\/11\/Olimpija_Rijeka_0030_240829_NM-scaled-1.jpg&#8221; background_enable_image=&#8221;on&#8221; background_blend=&#8221;overlay&#8221; locked=&#8221;off&#8221; global_colors_info=&#8221;{}&#8221;][et_pb_row _builder_version=&#8221;4.21.0&#8243; _module_preset=&#8221;default&#8221; custom_padding=&#8221;57px||||false|false&#8221; global_colors_info=&#8221;{}&#8221;][et_pb_column type=&#8221;4_4&#8243; _builder_version=&#8221;4.21.0&#8243; _module_preset=&#8221;default&#8221; global_colors_info=&#8221;{}&#8221;][et_pb_text _builder_version=&#8221;4.21.0&#8243; _dynamic_attributes=&#8221;content&#8221; _module_preset=&#8221;default&#8221; text_text_color=&#8221;#FFFFFF&#8221; text_font_size=&#8221;50px&#8221; text_line_height=&#8221;30px&#8221; text_font_size_tablet=&#8221;50px&#8221; text_font_size_phone=&#8221;30px&#8221; text_font_size_last_edited=&#8221;on|phone&#8221; global_colors_info=&#8221;{}&#8221;]@ET-DC@eyJkeW5hbWljIjp0cnVlLCJjb250ZW50IjoicG9zdF90aXRsZSIsInNldHRpbmdzIjp7ImJlZm9yZSI6IiIsImFmdGVyIjoiIn19@[\/et_pb_text][\/et_pb_column][\/et_pb_row][et_pb_row _builder_version=&#8221;4.21.0&#8243; _module_preset=&#8221;default&#8221; custom_padding=&#8221;0px||||false|false&#8221; global_colors_info=&#8221;{}&#8221;][et_pb_column type=&#8221;4_4&#8243; _builder_version=&#8221;4.21.0&#8243; _module_preset=&#8221;default&#8221; global_colors_info=&#8221;{}&#8221;][et_pb_text _builder_version=&#8221;4.21.0&#8243; _module_preset=&#8221;default&#8221; global_colors_info=&#8221;{}&#8221;]<ul id=\"dpprof_breadcrumbs\" class=\"dpprof_breadcrumbs\"><li class=\"item-home\"><a class=\"bread-link bread-home\" href=\"https:\/\/nkolimpija.si\/en\/\" title=\"Home\">Home<\/a><\/li><li class=\"separator separator-home\"> \/ <\/li><\/ul>[\/et_pb_text][\/et_pb_column][\/et_pb_row][\/et_pb_section][et_pb_section fb_built=&#8221;1&#8243; make_equal=&#8221;on&#8221; use_custom_gutter=&#8221;on&#8221; gutter_width=&#8221;2&#8243; specialty=&#8221;on&#8221; admin_label=&#8221;Team Detail Style Main Section&#8221; _builder_version=&#8221;4.27.4&#8243; _module_preset=&#8221;default&#8221; background_image=&#8221;https:\/\/nkolimpija.si\/wp-content\/uploads\/2024\/11\/ozadje6.png&#8221; inner_max_width=&#8221;1200px&#8221; global_colors_info=&#8221;{}&#8221;][et_pb_column type=&#8221;1_3&#8243; _builder_version=&#8221;4.16&#8243; custom_padding=&#8221;|||&#8221; global_colors_info=&#8221;{}&#8221; custom_padding__hover=&#8221;|||&#8221;][et_pb_image src=&#8221;https:\/\/nkolimpija.si\/wp-content\/uploads\/2024\/12\/Radoslav-Becejac.jpg&#8221; title_text=&#8221;Radoslav Be\u010dejac&#8221; align_tablet=&#8221;center&#8221; align_phone=&#8221;center&#8221; align_last_edited=&#8221;on|tablet&#8221; _builder_version=&#8221;4.27.4&#8243; _module_preset=&#8221;default&#8221; global_colors_info=&#8221;{}&#8221;][\/et_pb_image][\/et_pb_column][et_pb_column type=&#8221;2_3&#8243; specialty_columns=&#8221;2&#8243; _builder_version=&#8221;4.16&#8243; custom_padding=&#8221;|||&#8221; global_colors_info=&#8221;{}&#8221; custom_padding__hover=&#8221;|||&#8221;][et_pb_row_inner admin_label=&#8221;Team Detail Style Main Section Row 1&#8243; _builder_version=&#8221;4.27.4&#8243; _module_preset=&#8221;default&#8221; custom_padding=&#8221;||0px|||&#8221; global_colors_info=&#8221;{}&#8221;][et_pb_column_inner saved_specialty_column_type=&#8221;2_3&#8243; _builder_version=&#8221;4.20.4&#8243; _module_preset=&#8221;default&#8221; global_colors_info=&#8221;{}&#8221;][et_pb_blurb title=&#8221;Radoslav Be\u010dejac&#8221; admin_label=&#8221;Title &#038; Description&#8221; _builder_version=&#8221;4.27.4&#8243; _module_preset=&#8221;default&#8221; header_font=&#8221;|600|||||||&#8221; header_font_size=&#8221;34px&#8221; body_text_color=&#8221;#00853f&#8221; body_font_size=&#8221;18px&#8221; custom_margin=&#8221;||20px||false|false&#8221; hover_enabled=&#8221;0&#8243; text_orientation_tablet=&#8221;center&#8221; text_orientation_phone=&#8221;center&#8221; text_orientation_last_edited=&#8221;on|tablet&#8221; custom_css_blurb_content=&#8221;max-width:100%;&#8221; global_colors_info=&#8221;{}&#8221; sticky_enabled=&#8221;0&#8243;][\/et_pb_blurb][et_pb_text _builder_version=&#8221;4.27.4&#8243; _module_preset=&#8221;default&#8221; text_text_color=&#8221;#020202&#8243; text_line_height=&#8221;28px&#8221; text_orientation_tablet=&#8221;center&#8221; text_orientation_phone=&#8221;center&#8221; text_orientation_last_edited=&#8221;on|tablet&#8221; global_colors_info=&#8221;{}&#8221;]<\/p>\n<p>There is no doubt that Radoslav Be\u010dejac is one of the greatest legends in the history of Olimpija, even though he played &#8220;only&#8221; 136 games for the Dragons. But sometimes the number of games doesn&#8217;t tell the whole story, and in his case it&#8217;s true. The midfielder, born in December 1941, began his career at the Serbian club Proleter, spent three seasons wearing the jersey of the Belgrade giant Partizan, and in 1967, as a respected Yugoslav national team player, caused quite a stir with his transfer to Olimpija.<\/p>\n<p>Believe it or not, the transfer set a record for all of Yugoslav football at the time! Ljubljana paid 65 million dinars for the Be\u010dejac, making it the most expensive football transfer in the former Yugoslavia. An urban legend says that Olimpija had to hide Be\u010dejac in Italy for a few days to keep him safe from potential interference, as they feared that higher authorities might block the transfer of such a high-quality player from Belgrade to Ljubljana.  <\/p>\n<p>Be\u010dejac can also boast of having played in the final of the competition we now know as the Champions League while a member of Partizan, though Real Madrid proved to be a too powerful opponent. After six years in Ljubljana, the beloved Zaza briefly moved to Colombia, but upon finishing his career, he returned to Slovenia. That\u2019s when an incredible story of a football expert began, one who played a key role in shaping many future successful footballers, some of whom even made international and national appearances. He was a master at identifying raw, street talent, bringing numerous young and gifted players from Ljubljana&#8217;s concrete playgrounds into the club. For three decades, he was the guru of player development at Olimpija, mentoring players like Jani Pate, Gregor \u017didan, Primo\u017e Gliha, Zoran Ubavi\u0107, Stane Komo\u010dar, and even Branko Ili\u0107 and Milivoje Novakovi\u0107. The list could go on indefinitely.    <\/p>\n<p>[\/et_pb_text][\/et_pb_column_inner][\/et_pb_row_inner][et_pb_row_inner admin_label=&#8221;Team Detail Style Main Section Row 2&#8243; _builder_version=&#8221;4.27.4&#8243; _module_preset=&#8221;default&#8221; global_colors_info=&#8221;{}&#8221;][et_pb_column_inner saved_specialty_column_type=&#8221;2_3&#8243; _builder_version=&#8221;4.20.4&#8243; _module_preset=&#8221;default&#8221; global_colors_info=&#8221;{}&#8221;][et_pb_text admin_label=&#8221;Title&#8221; _builder_version=&#8221;4.27.4&#8243; _module_preset=&#8221;default&#8221; text_font=&#8221;|600|||||||&#8221; text_text_color=&#8221;#051136&#8243; text_font_size=&#8221;22px&#8221; text_orientation_tablet=&#8221;center&#8221; text_orientation_phone=&#8221;center&#8221; text_orientation_last_edited=&#8221;on|tablet&#8221; locked=&#8221;off&#8221; global_colors_info=&#8221;{}&#8221;]<\/p>\n<p>Achievements<\/p>\n<p>[\/et_pb_text][et_pb_blurb use_icon=&#8221;on&#8221; font_icon=&#8221;&#xf3ab;||fa||400&#8243; icon_placement=&#8221;left&#8221; image_icon_width=&#8221;27px&#8221; icon_placement_tablet=&#8221;left&#8221; icon_placement_phone=&#8221;left&#8221; icon_placement_last_edited=&#8221;on|tablet&#8221; admin_label=&#8221;Icon &#038; Title&#8221; module_class=&#8221;divitransport_footerv1_blurb1&#8243; _builder_version=&#8221;4.27.4&#8243; _module_preset=&#8221;default&#8221; body_text_color=&#8221;#051136&#8243; custom_margin=&#8221;25px||20px||false|false&#8221; text_orientation_tablet=&#8221;&#8221; text_orientation_phone=&#8221;&#8221; text_orientation_last_edited=&#8221;on|tablet&#8221; custom_css_blurb_image=&#8221;margin-bottom:0;&#8221; custom_css_blurb_content=&#8221;max-width:100%;&#8221; locked=&#8221;off&#8221; global_colors_info=&#8221;{}&#8221; custom_css_blurb_image_last_edited=&#8221;on|tablet&#8221; custom_css_blurb_image_tablet=&#8221;margin-bottom:0px;||display: inline-block !important;&#8221; custom_css_blurb_image_phone=&#8221;margin-bottom:15px;&#8221; custom_css_blurb_content_last_edited=&#8221;on|tablet&#8221; custom_css_blurb_content_tablet=&#8221;max-width:100%;||display:flex;||justify-content:center;&#8221; custom_css_main_element_last_edited=&#8221;on|phone&#8221; custom_css_main_element_phone=&#8221;text-align:center;&#8221; custom_css_blurb_content_phone=&#8221;max-width:100%;||display:initial;&#8221;]<\/p>\n<p><span>136 matches<\/span><\/p>\n<p>[\/et_pb_blurb][et_pb_blurb use_icon=&#8221;on&#8221; font_icon=&#8221;&#xf1e3;||fa||900&#8243; icon_placement=&#8221;left&#8221; image_icon_width=&#8221;27px&#8221; content_max_width=&#8221;1100px&#8221; icon_placement_tablet=&#8221;left&#8221; icon_placement_phone=&#8221;left&#8221; icon_placement_last_edited=&#8221;on|tablet&#8221; admin_label=&#8221;Icon &#038; Title&#8221; module_class=&#8221;divitransport_footerv1_blurb1&#8243; _builder_version=&#8221;4.27.4&#8243; _module_preset=&#8221;default&#8221; body_text_color=&#8221;#051136&#8243; custom_margin=&#8221;25px||20px||false|false&#8221; text_orientation_tablet=&#8221;&#8221; text_orientation_phone=&#8221;&#8221; text_orientation_last_edited=&#8221;on|tablet&#8221; custom_css_blurb_image=&#8221;margin-bottom:0;&#8221; custom_css_blurb_content=&#8221;max-width:100%;&#8221; locked=&#8221;off&#8221; global_colors_info=&#8221;{}&#8221; custom_css_blurb_image_last_edited=&#8221;on|tablet&#8221; custom_css_blurb_image_tablet=&#8221;margin-bottom:0px;||display: inline-block !important;&#8221; custom_css_blurb_image_phone=&#8221;margin-bottom:15px;&#8221; custom_css_blurb_content_last_edited=&#8221;on|tablet&#8221; custom_css_blurb_content_tablet=&#8221;max-width:100%;||display:flex;||justify-content:center;&#8221; custom_css_main_element_last_edited=&#8221;on|phone&#8221; custom_css_main_element_phone=&#8221;text-align:center;&#8221; custom_css_blurb_content_phone=&#8221;max-width:100%;||display:initial;&#8221;]<\/p>\n<p><span>24 goals<\/span><\/p>\n<p>[\/et_pb_blurb][\/et_pb_column_inner][\/et_pb_row_inner][\/et_pb_column][\/et_pb_section][et_pb_section fb_built=&#8221;1&#8243; admin_label=&#8221;CTA Style 4 Main Section &#8221; _builder_version=&#8221;4.27.3&#8243; _module_preset=&#8221;default&#8221; background_color=&#8221;rgba(0,0,0,0.78)&#8221; background_image=&#8221;https:\/\/nkolimpija.si\/wp-content\/uploads\/2024\/11\/IMG_3357.jpeg&#8221; background_enable_image=&#8221;on&#8221; background_blend=&#8221;overlay&#8221; custom_padding=&#8221;||32px||false|false&#8221; global_module=&#8221;101336&#8243; locked=&#8221;off&#8221; global_colors_info=&#8221;{}&#8221;][et_pb_row use_custom_gutter=&#8221;on&#8221; gutter_width=&#8221;2&#8243; custom_padding_last_edited=&#8221;on|tablet&#8221; admin_label=&#8221;CTA Style 4 Main Section Row 1&#8243; module_class=&#8221;divifactory_ctav4_heading&#8221; _builder_version=&#8221;4.27.4&#8243; _module_preset=&#8221;default&#8221; width=&#8221;90%&#8221; max_width=&#8221;1200px&#8221; custom_margin_tablet=&#8221;&#8221; custom_margin_phone=&#8221;||||false|false&#8221; custom_margin_last_edited=&#8221;on|phone&#8221; custom_padding=&#8221;||59px|||&#8221; custom_padding_tablet=&#8221;||0px||false|false&#8221; custom_padding_phone=&#8221;||40px||false|false&#8221; locked=&#8221;off&#8221; global_colors_info=&#8221;{}&#8221;][et_pb_column type=&#8221;4_4&#8243; _builder_version=&#8221;4.19.3&#8243; _module_preset=&#8221;default&#8221; global_colors_info=&#8221;{}&#8221;][et_pb_blurb title=&#8221;Tickets&#8221; admin_label=&#8221;Title&#8221; _builder_version=&#8221;4.27.4&#8243; _module_preset=&#8221;default&#8221; header_font=&#8221;|600||on|||||&#8221; header_text_color=&#8221;#00853f&#8221; header_font_size=&#8221;14px&#8221; header_letter_spacing=&#8221;2px&#8221; header_line_height=&#8221;1.2em&#8221; body_font=&#8221;|700|||||||&#8221; body_text_color=&#8221;#FFFFFF&#8221; body_font_size=&#8221;38px&#8221; body_line_height=&#8221;1.3em&#8221; text_orientation=&#8221;center&#8221; custom_margin=&#8221;||33px|||&#8221; text_orientation_tablet=&#8221;center&#8221; text_orientation_phone=&#8221;center&#8221; text_orientation_last_edited=&#8221;on|tablet&#8221; custom_css_blurb_title=&#8221;position: relative;||margin-bottom:15px;||    display: inline-block;||padding-bottom:0;&#8221; custom_css_blurb_content=&#8221;max-width:100%;&#8221; locked=&#8221;off&#8221; global_colors_info=&#8221;{}&#8221; custom_css_blurb_title_last_edited=&#8221;on|tablet&#8221; custom_css_blurb_title_tablet=&#8221;position: relative;||margin-bottom:15px;||    display: inline-block;||padding-bottom:0;&#8221; custom_css_blurb_title_phone=&#8221;position: relative;||margin-bottom:15px;||    display: inline-block;||padding-bottom:0;&#8221;]<\/p>\n<p>Support the Dragons!<\/p>\n<p>[\/et_pb_blurb][et_pb_button button_url=&#8221;https:\/\/shop.nkolimpija.si\/en\/tickets.html&#8221; button_text=&#8221;buy tickets&#8221; button_alignment=&#8221;center&#8221; _builder_version=&#8221;4.27.4&#8243; _module_preset=&#8221;default&#8221; custom_button=&#8221;on&#8221; button_text_size=&#8221;17px&#8221; button_text_color=&#8221;#FFFFFF&#8221; button_bg_color=&#8221;#00853f&#8221; button_border_width=&#8221;0px&#8221; button_border_color=&#8221;#FFFFFF&#8221; button_border_radius=&#8221;10px&#8221; button_letter_spacing=&#8221;2px&#8221; button_font=&#8221;gotham|500||on|||||&#8221; button_icon=&#8221;&#x35;||divi||400&#8243; custom_padding=&#8221;16px|48px|16px|48px|true|true&#8221; animation_style=&#8221;fade&#8221; animation_delay=&#8221;300ms&#8221; hover_transition_delay=&#8221;50ms&#8221; global_colors_info=&#8221;{}&#8221; button_bg_color__hover_enabled=&#8221;on|desktop&#8221; button_bg_color__hover=&#8221;#00853f&#8221; button_bg_enable_color__hover=&#8221;on&#8221;][\/et_pb_button][\/et_pb_column][\/et_pb_row][\/et_pb_section]<\/p>\n","protected":false},"excerpt":{"rendered":"<p><ul id=\"dpprof_breadcrumbs\" class=\"dpprof_breadcrumbs\"><li class=\"item-home\"><a class=\"bread-link bread-home\" href=\"https:\/\/nkolimpija.si\/en\/\" title=\"Home\">Home<\/a><\/li><li class=\"separator separator-home\"> \/ <\/li><\/ul>There is no doubt that Radoslav Be\u010dejac is one of the greatest legends in the history of Olimpija, even though he played &#8220;only&#8221; 136 games for the Dragons. But sometimes the number of games doesn&#8217;t tell the whole story, and in his case it&#8217;s true. The midfielder, born in December 1941, began his career at [&hellip;]<\/p>\n","protected":false},"author":1,"featured_media":101797,"parent":104752,"menu_order":0,"comment_status":"closed","ping_status":"closed","template":"","meta":{"_et_pb_use_builder":"on","_et_pb_old_content":"","_et_gb_content_width":"","footnotes":""},"class_list":["post-104770","page","type-page","status-publish","has-post-thumbnail","hentry"],"aioseo_notices":[],"_links":{"self":[{"href":"https:\/\/nkolimpija.si\/en\/wp-json\/wp\/v2\/pages\/104770","targetHints":{"allow":["GET"]}}],"collection":[{"href":"https:\/\/nkolimpija.si\/en\/wp-json\/wp\/v2\/pages"}],"about":[{"href":"https:\/\/nkolimpija.si\/en\/wp-json\/wp\/v2\/types\/page"}],"author":[{"embeddable":true,"href":"https:\/\/nkolimpija.si\/en\/wp-json\/wp\/v2\/users\/1"}],"replies":[{"embeddable":true,"href":"https:\/\/nkolimpija.si\/en\/wp-json\/wp\/v2\/comments?post=104770"}],"version-history":[{"count":0,"href":"https:\/\/nkolimpija.si\/en\/wp-json\/wp\/v2\/pages\/104770\/revisions"}],"up":[{"embeddable":true,"href":"https:\/\/nkolimpija.si\/en\/wp-json\/wp\/v2\/pages\/104752"}],"wp:featuredmedia":[{"embeddable":true,"href":"https:\/\/nkolimpija.si\/en\/wp-json\/wp\/v2\/media\/101797"}],"wp:attachment":[{"href":"https:\/\/nkolimpija.si\/en\/wp-json\/wp\/v2\/media?parent=104770"}],"curies":[{"name":"wp","href":"https:\/\/api.w.org\/{rel}","templated":true}]}}