{"id":104886,"date":"2025-01-16T13:27:29","date_gmt":"2025-01-16T13:27:29","guid":{"rendered":"https:\/\/nkolimpija.si\/club\/history-of-the-club\/2005-2\/"},"modified":"2025-02-01T16:34:26","modified_gmt":"2025-02-01T16:34:26","slug":"2005-2","status":"publish","type":"page","link":"https:\/\/nkolimpija.si\/en\/club\/history-of-the-club\/2005-2\/","title":{"rendered":"2005"},"content":{"rendered":"<p>[et_pb_section fb_built=&#8221;1&#8243; module_class=&#8221;dp_bread&#8221; _builder_version=&#8221;4.27.4&#8243; _module_preset=&#8221;default&#8221; background_image=&#8221;https:\/\/nkolimpija.si\/wp-content\/uploads\/2024\/11\/Olimpija_Rijeka_0030_240829_NM-scaled-1.jpg&#8221; background_enable_image=&#8221;on&#8221; background_blend=&#8221;overlay&#8221; locked=&#8221;off&#8221; global_colors_info=&#8221;{}&#8221;][et_pb_row _builder_version=&#8221;4.21.0&#8243; _module_preset=&#8221;default&#8221; custom_padding=&#8221;57px||||false|false&#8221; global_colors_info=&#8221;{}&#8221;][et_pb_column type=&#8221;4_4&#8243; _builder_version=&#8221;4.21.0&#8243; _module_preset=&#8221;default&#8221; global_colors_info=&#8221;{}&#8221;][et_pb_text _builder_version=&#8221;4.21.0&#8243; _dynamic_attributes=&#8221;content&#8221; _module_preset=&#8221;default&#8221; text_text_color=&#8221;#FFFFFF&#8221; text_font_size=&#8221;50px&#8221; text_line_height=&#8221;30px&#8221; text_font_size_tablet=&#8221;50px&#8221; text_font_size_phone=&#8221;30px&#8221; text_font_size_last_edited=&#8221;on|phone&#8221; global_colors_info=&#8221;{}&#8221;]@ET-DC@eyJkeW5hbWljIjp0cnVlLCJjb250ZW50IjoicG9zdF90aXRsZSIsInNldHRpbmdzIjp7ImJlZm9yZSI6IiIsImFmdGVyIjoiIiwiZW5hYmxlX2h0bWwiOiJvZmYifX0=@[\/et_pb_text][\/et_pb_column][\/et_pb_row][et_pb_row _builder_version=&#8221;4.21.0&#8243; _module_preset=&#8221;default&#8221; custom_padding=&#8221;0px||||false|false&#8221; global_colors_info=&#8221;{}&#8221;][et_pb_column type=&#8221;4_4&#8243; _builder_version=&#8221;4.21.0&#8243; _module_preset=&#8221;default&#8221; global_colors_info=&#8221;{}&#8221;][et_pb_text _builder_version=&#8221;4.21.0&#8243; _module_preset=&#8221;default&#8221; global_colors_info=&#8221;{}&#8221;]<ul id=\"dpprof_breadcrumbs\" class=\"dpprof_breadcrumbs\"><li class=\"item-home\"><a class=\"bread-link bread-home\" href=\"https:\/\/nkolimpija.si\/en\/\" title=\"Home\">Home<\/a><\/li><li class=\"separator separator-home\"> \/ <\/li><\/ul>[\/et_pb_text][\/et_pb_column][\/et_pb_row][\/et_pb_section][et_pb_section fb_built=&#8221;1&#8243; admin_label=&#8221;Feature Style 1 Main Section&#8221; _builder_version=&#8221;4.27.4&#8243; _module_preset=&#8221;default&#8221; background_enable_color=&#8221;off&#8221; background_image=&#8221;https:\/\/nkolimpija.si\/wp-content\/uploads\/2024\/11\/ozadje6.png&#8221; background_enable_image=&#8221;on&#8221; custom_padding=&#8221;0px||79px||false|false&#8221; global_colors_info=&#8221;{}&#8221;][et_pb_row column_structure=&#8221;1_2,1_2&#8243; use_custom_gutter=&#8221;on&#8221; gutter_width=&#8221;2&#8243; make_equal=&#8221;on&#8221; admin_label=&#8221;Feature Style 1 Main Section Row 1&#8243; module_class=&#8221;divifitness_featurev1&#8243; _builder_version=&#8221;4.19.5&#8243; _module_preset=&#8221;default&#8221; max_width=&#8221;1200px&#8221; max_width_tablet=&#8221;400px&#8221; max_width_phone=&#8221;400px&#8221; max_width_last_edited=&#8221;on|tablet&#8221; custom_padding=&#8221;91px|||||&#8221; global_colors_info=&#8221;{}&#8221;][et_pb_column type=&#8221;1_2&#8243; _builder_version=&#8221;4.19.5&#8243; _module_preset=&#8221;default&#8221; global_colors_info=&#8221;{}&#8221;][et_pb_image src=&#8221;https:\/\/nkolimpija.si\/wp-content\/uploads\/2024\/12\/2005.jpg&#8221; title_text=&#8221;2005&#8243; align_tablet=&#8221;center&#8221; align_phone=&#8221;center&#8221; align_last_edited=&#8221;on|tablet&#8221; _builder_version=&#8221;4.27.4&#8243; _module_preset=&#8221;default&#8221; global_colors_info=&#8221;{}&#8221; custom_padding=&#8221;11px|||||&#8221;][\/et_pb_image][\/et_pb_column][et_pb_column type=&#8221;1_2&#8243; _builder_version=&#8221;4.19.5&#8243; _module_preset=&#8221;default&#8221; global_colors_info=&#8221;{}&#8221;][et_pb_blurb title=&#8221;2005 &#8211; 2011&#8243; image_icon_background_color=&#8221;#00853f&#8221; content_max_width=&#8221;1200px&#8221; admin_label=&#8221;Title&#8221; module_class=&#8221;divifactory_herov1_heading&#8221; _builder_version=&#8221;4.27.4&#8243; _module_preset=&#8221;default&#8221; header_font=&#8221;|600||on|||||&#8221; header_text_color=&#8221;#00853f&#8221; header_font_size=&#8221;14px&#8221; header_letter_spacing=&#8221;2px&#8221; header_line_height=&#8221;1.2em&#8221; body_font=&#8221;|700|||||||&#8221; body_text_color=&#8221;#051136&#8243; body_font_size=&#8221;38px&#8221; body_line_height=&#8221;1.3em&#8221; custom_margin=&#8221;-22px||20px||false|false&#8221; custom_margin_tablet=&#8221;30px||20px||false|false&#8221; custom_margin_phone=&#8221;30px||20px||false|false&#8221; custom_margin_last_edited=&#8221;on|phone&#8221; custom_padding=&#8221;0px|||0px|false|false&#8221; text_orientation_tablet=&#8221;center&#8221; text_orientation_phone=&#8221;center&#8221; text_orientation_last_edited=&#8221;on|tablet&#8221; custom_css_blurb_title=&#8221;position: relative;||margin-bottom:15px;||    display: inline-block;||padding-bottom:0;&#8221; custom_css_blurb_content=&#8221;max-width:100%;&#8221; locked=&#8221;off&#8221; global_colors_info=&#8221;{}&#8221; custom_css_blurb_title_last_edited=&#8221;on|tablet&#8221; custom_css_blurb_title_tablet=&#8221;position: relative;||margin-bottom:15px;||    display: inline-block;||padding-bottom:0;&#8221; custom_css_blurb_title_phone=&#8221;position: relative;||margin-bottom:15px;||    display: inline-block;||padding-bottom:0;&#8221;]<\/p>\n<p>New era<\/p>\n<p>[\/et_pb_blurb][et_pb_text _builder_version=&#8221;4.27.4&#8243; _module_preset=&#8221;default&#8221; text_text_color=&#8221;#020202&#8243; text_line_height=&#8221;28px&#8221; custom_margin=&#8221;||-28px|||&#8221; custom_padding=&#8221;||20px|||&#8221; text_orientation_tablet=&#8221;center&#8221; text_orientation_phone=&#8221;center&#8221; text_orientation_last_edited=&#8221;on|tablet&#8221; global_colors_info=&#8221;{}&#8221;]<\/p>\n<p><span style=\"font-weight: 400;\">During the so-called &#8220;black season&#8221;, in February 2005, parents expressed great concern about the possibility of their children continuing in the first Slovenian leagues. Due to all the problems that plagued the club at the time, the young players were also threatened with relegation to the lower leagues. To avoid this, enthusiasts (Ale\u0161 Remih, Milo\u0161 Junkar, Darko \u0160kerl), who were previously associated with the club, and parents founded the club NK Be\u017eigrad, which would enable the young prospects of Olimpija to continue the season without any problems and remain in the leagues. The board of directors of the then Olimpija also agreed with this. Despite great efforts, the executive board of the NZS decided to relegate both members and junior selections to the lower leagues. It was originally planned that NK Be\u017eigrad would include only young Olimpija footballers, but due to the relegation and all the problems of the old club, a completely new chapter began, a new project, which in the next five years also led the member Olimpija back to the first league.     <\/span><span style=\"font-weight: 400;\"><\/span><\/p>\n<p>[\/et_pb_text][\/et_pb_column][\/et_pb_row][et_pb_row _builder_version=&#8221;4.27.4&#8243; _module_preset=&#8221;default&#8221; max_width=&#8221;1200px&#8221; custom_margin=&#8221;-16px|auto||auto||&#8221; custom_padding=&#8221;2px|||||&#8221; global_colors_info=&#8221;{}&#8221;][et_pb_column type=&#8221;4_4&#8243; _builder_version=&#8221;4.27.4&#8243; _module_preset=&#8221;default&#8221; global_colors_info=&#8221;{}&#8221;][et_pb_text content_tablet=&#8221;&#8221; content_phone=&#8221;<\/p>\n<p><span style=%22font-weight: 400;%22>Between 1966 and 1984, Olimpija reached the semifinals of the Yugoslav Cup twice and participated twice in the Inter-Cities Fairs Cup (the predecessor of the UEFA Cup). In the Yugoslav First League, the club typically finished in the lower half of the standings.<br \/>In 1984, Olimpija was relegated from the First League, a significant setback for the club. The situation worsened as the club was also relegated from the Second League. However, stability was restored in the latter half of the season, and Olimpija finished in 3rd place.<br \/>The following season saw a spectacular turnaround. Olimpija dominated the Second Federal League, recording 20 wins, 6 draws, and no losses, with an impressive goal difference of 64:4, earning their return to the Second League in grand style.     <\/span><\/p>\n<p><span style=%22font-weight: 400;%22>On September 4, 1988, during a match against Dinamo Vinkovci, the first signs of the supporter group Green Dragons appeared in the stands. The group was officially founded on October 2, 1988, marking the beginning of organized fan support at football matches in Ljubljana.<br \/>In 1989, during the inaugural season of the unified Second League, Olimpija convincingly won the championship, securing a well-deserved return to the Yugoslav First League. <\/span><\/p>\n<p><span style=%22font-weight: 400;%22>Olimpija&apos;s return to the Yugoslav First League brought a wave of football euphoria, despite the rising political tensions in the former Yugoslavia. This excitement reached its peak on November 11, 1989, when Olimpija defeated Crvena Zvezda in a dramatic penalty shootout.<br \/>The following season, however, which was also the last in the Yugoslav league, was less successful. Olimpija finished in 14th place, losing many key players during the campaign. Political unrest and the impending war led to a decline in match attendance.<br \/>Olimpija played its final match in the Yugoslav First League on June 17, 1990, against Dinamo Zagreb.        <\/span><\/p>\n<p>&#8221; content_last_edited=&#8221;on|phone&#8221; _builder_version=&#8221;4.27.4&#8243; _module_preset=&#8221;default&#8221; text_text_color=&#8221;#020202&#8243; text_line_height=&#8221;28px&#8221; custom_margin=&#8221;-5px||-10px|||&#8221; custom_padding=&#8221;0px||0px|||&#8221; text_orientation_tablet=&#8221;center&#8221; text_orientation_phone=&#8221;center&#8221; text_orientation_last_edited=&#8221;on|tablet&#8221; global_colors_info=&#8221;{}&#8221;][\/et_pb_text][et_pb_text content_tablet=&#8221;<\/p>\n<p style=%22text-align: left;%22><span style=%22font-weight: 400;%22>Alongside matches in the Yugoslav First League, the derbies against NK Maribor were already the most exciting and well-attended games. On April 6, 1964, an incredible 19,994 spectators gathered at the Be\u017eigrad Stadium\u2014a record attendance for any football match in Slovenia, which still stands to this day.<br \/>Olimpija excelled during this period, reaching the Yugoslav Cup final in 1970. Despite a valiant effort, they narrowly lost to Crvena Zvezda (2\u20132 and 0\u20131 after extra time in the 120th minute). However, their strong performance earned them a spot in the European Cup Winners&apos; Cup.    <\/span><\/p>\n<p style=%22text-align: left;%22><span style=%22font-weight: 400;%22>From 1966 to 1984, Olimpija played in the semi-finals of the Yugoslav Cup twice, and twice qualified for the European Cup (the predecessor of the UEFA Cup) and in the Yugoslav Federal League, they occupied places in the second half of the table. In 1984, they were relegated from the latter, which meant a considerable loss for the club, and the consequences were such that Olimpija was even relegated from the second league. However, the situation stabilized in the second half of the season and Olimpija finished the championship in 3rd place and returned to the 2nd Federal Football League in a big way in the new season (20 wins, 6 draws and no defeats, with a goal difference of 64:4). In a match against Dinamo Vinkovci on 4 September 1988, the beginnings of the Green Dragons fan group (officially founded on 2 October 1988) appeared in the stands, marking the beginning of organized cheering at football matches in Ljubljana. In the first season of the unified second league in 1989, they confidently won the championship and returned to the first league.     On September 4, 1988, during a match against Dinamo Vinkovci, the first signs of the supporter group Green Dragons appeared in the stands. The group was officially founded on October 2, 1988, marking the beginning of organized fan support at football matches in Ljubljana.<br \/>In 1989, during the inaugural season of the unified Second League, Olimpija convincingly won the championship, securing a well-deserved return to the Yugoslav First League. <\/span><\/p>\n<p style=%22text-align: left;%22><span style=%22font-weight: 400;%22>Olimpija&apos;s return to the Yugoslav First League brought a wave of football euphoria, despite the rising political tensions in the former Yugoslavia. This excitement reached its peak on November 11, 1989, when Olimpija defeated Crvena Zvezda in a dramatic penalty shootout.<br \/>The following season, however, which was also the last in the Yugoslav league, was less successful. Olimpija finished in 14th place, losing many key players during the campaign. Political unrest and the impending war led to a decline in match attendance.<br \/>Olimpija played its final match in the Yugoslav First League on June 17, 1990, against Dinamo Zagreb.        <\/span><\/p>\n<p>&#8221; content_phone=&#8221;<\/p>\n<p><span style=%22font-weight: 400;%22>Between 1966 and 1984, Olimpija reached the semifinals of the Yugoslav Cup twice and participated twice in the Inter-Cities Fairs Cup (the predecessor of the UEFA Cup). In the Yugoslav First League, the club typically finished in the lower half of the standings.<br \/>In 1984, Olimpija was relegated from the First League, a significant setback for the club. The situation worsened as the club was also relegated from the Second League. However, stability was restored in the latter half of the season, and Olimpija finished in 3rd place.<br \/>The following season saw a spectacular turnaround. Olimpija dominated the Second Federal League, recording 20 wins, 6 draws, and no losses, with an impressive goal difference of 64:4, earning their return to the Second League in grand style.     <\/span><\/p>\n<p><span style=%22font-weight: 400;%22>On September 4, 1988, during a match against Dinamo Vinkovci, the first signs of the supporter group Green Dragons appeared in the stands. The group was officially founded on October 2, 1988, marking the beginning of organized fan support at football matches in Ljubljana.<br \/>In 1989, during the inaugural season of the unified Second League, Olimpija convincingly won the championship, securing a well-deserved return to the Yugoslav First League. <\/span><\/p>\n<p><span style=%22font-weight: 400;%22>Olimpija&#8217;s return to the Yugoslav First League brought a wave of football euphoria, despite the rising political tensions in the former Yugoslavia. This excitement reached its peak on November 11, 1989, when Olimpija defeated Crvena Zvezda in a dramatic penalty shootout.<br \/>The following season, however, which was also the last in the Yugoslav league, was less successful. Olimpija finished in 14th place, losing many key players during the campaign. Political unrest and the impending war led to a decline in match attendance.<br \/>Olimpija played its final match in the Yugoslav First League on June 17, 1990, against Dinamo Zagreb.        <\/span><\/p>\n<p>&#8221; content_last_edited=&#8221;on|phone&#8221; _builder_version=&#8221;4.27.4&#8243; _module_preset=&#8221;default&#8221; text_text_color=&#8221;#020202&#8243; text_line_height=&#8221;28px&#8221; custom_margin=&#8221;||-10px|||&#8221; custom_padding=&#8221;13px|||||&#8221; text_orientation_tablet=&#8221;center&#8221; text_orientation_phone=&#8221;center&#8221; text_orientation_last_edited=&#8221;on|tablet&#8221; global_colors_info=&#8221;{}&#8221;]<\/p>\n<p style=\"text-align: left;\"><span style=\"font-weight: 400;\">The beginnings were difficult. Most of the young players did not want to play in the lower leagues, which is why the juniors and cadets were not able to play in the first year. The main players in the new story invited Primo\u017e Gliha to participate in the composition of the team, who brought a number of well-known names in Slovenian football to the club (Janez Pate, Zoran Ubavi\u010d, Nenad Podgajski, Ilija Kiti\u010d, Stane Komo\u010dar, Miran Pavlin and later also Ale\u0161 \u010ceh, Mladen Rudonja, Amir Kari\u010d, Sebastjan Cimeroti\u010d &#8230;). These players won first place in the fifth league in the first year and later successfully performed in the higher leagues. The story also included the most loyal fans, the Green Dragons, who supported the idea of \u200b\u200ba new rise from the very beginning. Regardless of the fact that the team played in the fifth league for the first year, they regularly attended home and away matches and supported the players until they returned to the first league. The good attendance at both home and away games proved that the idea was right. The clubs against which the team played probably still do not have as many visitors today as they did then.        <\/span><\/p>\n<p style=\"text-align: left;\"><span style=\"font-weight: 400;\">The transition to the higher leagues was quick and largely unproblematic. In the 5th league, the team drew only once and won all other matches. The fourth league was even less problematic, the team did not lose a single match. As a member of the Olimpija Academic Sports Association, the club acquired the right to use the name Olimpija in 2007 and began playing under the name NK Olimpija Be\u017eigrad. A year later, it was renamed NK Olimpija Ljubljana. In the third league, Gliho, who left for Drava in Ptuj, replaced Pate as coach. During this period, the Slovenian Cup derby against Maribor was highly acclaimed. The match was watched on TV screens by more viewers than the Euroleague match that same evening. On 3 May 2009, Olimpija defeated Zagorje in a second league match and thus qualified for the first Slovenian league.         <\/span><\/p>\n<p>[\/et_pb_text][\/et_pb_column][\/et_pb_row][\/et_pb_section][et_pb_section fb_built=&#8221;1&#8243; admin_label=&#8221;CTA Style 4 Main Section &#8221; _builder_version=&#8221;4.27.3&#8243; _module_preset=&#8221;default&#8221; background_color=&#8221;rgba(0,0,0,0.78)&#8221; background_image=&#8221;https:\/\/nkolimpija.si\/wp-content\/uploads\/2024\/11\/IMG_3357.jpeg&#8221; background_enable_image=&#8221;on&#8221; background_blend=&#8221;overlay&#8221; custom_padding=&#8221;||32px||false|false&#8221; global_module=&#8221;101336&#8243; locked=&#8221;off&#8221; global_colors_info=&#8221;{}&#8221;][et_pb_row use_custom_gutter=&#8221;on&#8221; gutter_width=&#8221;2&#8243; custom_padding_last_edited=&#8221;on|tablet&#8221; admin_label=&#8221;CTA Style 4 Main Section Row 1&#8243; module_class=&#8221;divifactory_ctav4_heading&#8221; _builder_version=&#8221;4.27.4&#8243; _module_preset=&#8221;default&#8221; width=&#8221;90%&#8221; max_width=&#8221;1200px&#8221; custom_margin_tablet=&#8221;&#8221; custom_margin_phone=&#8221;||||false|false&#8221; custom_margin_last_edited=&#8221;on|phone&#8221; custom_padding=&#8221;||59px|||&#8221; custom_padding_tablet=&#8221;||0px||false|false&#8221; custom_padding_phone=&#8221;||40px||false|false&#8221; locked=&#8221;off&#8221; global_colors_info=&#8221;{}&#8221;][et_pb_column type=&#8221;4_4&#8243; _builder_version=&#8221;4.19.3&#8243; _module_preset=&#8221;default&#8221; global_colors_info=&#8221;{}&#8221;][et_pb_blurb title=&#8221;Tickets&#8221; admin_label=&#8221;Title&#8221; _builder_version=&#8221;4.27.4&#8243; _module_preset=&#8221;default&#8221; header_font=&#8221;|600||on|||||&#8221; header_text_color=&#8221;#00853f&#8221; header_font_size=&#8221;14px&#8221; header_letter_spacing=&#8221;2px&#8221; header_line_height=&#8221;1.2em&#8221; body_font=&#8221;|700|||||||&#8221; body_text_color=&#8221;#FFFFFF&#8221; body_font_size=&#8221;38px&#8221; body_line_height=&#8221;1.3em&#8221; text_orientation=&#8221;center&#8221; custom_margin=&#8221;||33px|||&#8221; text_orientation_tablet=&#8221;center&#8221; text_orientation_phone=&#8221;center&#8221; text_orientation_last_edited=&#8221;on|tablet&#8221; custom_css_blurb_title=&#8221;position: relative;||margin-bottom:15px;||    display: inline-block;||padding-bottom:0;&#8221; custom_css_blurb_content=&#8221;max-width:100%;&#8221; locked=&#8221;off&#8221; global_colors_info=&#8221;{}&#8221; custom_css_blurb_title_last_edited=&#8221;on|tablet&#8221; custom_css_blurb_title_tablet=&#8221;position: relative;||margin-bottom:15px;||    display: inline-block;||padding-bottom:0;&#8221; custom_css_blurb_title_phone=&#8221;position: relative;||margin-bottom:15px;||    display: inline-block;||padding-bottom:0;&#8221;]<\/p>\n<p>Support the Dragons!<\/p>\n<p>[\/et_pb_blurb][et_pb_button button_url=&#8221;https:\/\/shop.nkolimpija.si\/en\/tickets.html&#8221; button_text=&#8221;buy tickets&#8221; button_alignment=&#8221;center&#8221; _builder_version=&#8221;4.27.4&#8243; _module_preset=&#8221;default&#8221; custom_button=&#8221;on&#8221; button_text_size=&#8221;17px&#8221; button_text_color=&#8221;#FFFFFF&#8221; button_bg_color=&#8221;#00853f&#8221; button_border_width=&#8221;0px&#8221; button_border_color=&#8221;#FFFFFF&#8221; button_border_radius=&#8221;10px&#8221; button_letter_spacing=&#8221;2px&#8221; button_font=&#8221;gotham|500||on|||||&#8221; button_icon=&#8221;&#x41;||divi||400&#8243; custom_padding=&#8221;16px|48px|16px|48px|true|true&#8221; animation_style=&#8221;fade&#8221; animation_delay=&#8221;300ms&#8221; hover_transition_delay=&#8221;50ms&#8221; global_colors_info=&#8221;{}&#8221; button_bg_color__hover_enabled=&#8221;on|desktop&#8221; button_bg_color__hover=&#8221;#00853f&#8221; button_bg_enable_color__hover=&#8221;on&#8221;][\/et_pb_button][\/et_pb_column][\/et_pb_row][\/et_pb_section]<\/p>\n","protected":false},"excerpt":{"rendered":"<p><ul id=\"dpprof_breadcrumbs\" class=\"dpprof_breadcrumbs\"><li class=\"item-home\"><a class=\"bread-link bread-home\" href=\"https:\/\/nkolimpija.si\/en\/\" title=\"Home\">Home<\/a><\/li><li class=\"separator separator-home\"> \/ <\/li><\/ul>New eraDuring the so-called &#8220;black season&#8221;, in February 2005, parents expressed great concern about the possibility of their children continuing in the first Slovenian leagues. Due to all the problems that plagued the club at the time, the young players were also threatened with relegation to the lower leagues. To avoid this, enthusiasts (Ale\u0161 Remih, [&hellip;]<\/p>\n","protected":false},"author":1,"featured_media":101613,"parent":104841,"menu_order":0,"comment_status":"closed","ping_status":"closed","template":"","meta":{"_et_pb_use_builder":"on","_et_pb_old_content":"","_et_gb_content_width":"","footnotes":""},"class_list":["post-104886","page","type-page","status-publish","has-post-thumbnail","hentry"],"aioseo_notices":[],"_links":{"self":[{"href":"https:\/\/nkolimpija.si\/en\/wp-json\/wp\/v2\/pages\/104886","targetHints":{"allow":["GET"]}}],"collection":[{"href":"https:\/\/nkolimpija.si\/en\/wp-json\/wp\/v2\/pages"}],"about":[{"href":"https:\/\/nkolimpija.si\/en\/wp-json\/wp\/v2\/types\/page"}],"author":[{"embeddable":true,"href":"https:\/\/nkolimpija.si\/en\/wp-json\/wp\/v2\/users\/1"}],"replies":[{"embeddable":true,"href":"https:\/\/nkolimpija.si\/en\/wp-json\/wp\/v2\/comments?post=104886"}],"version-history":[{"count":0,"href":"https:\/\/nkolimpija.si\/en\/wp-json\/wp\/v2\/pages\/104886\/revisions"}],"up":[{"embeddable":true,"href":"https:\/\/nkolimpija.si\/en\/wp-json\/wp\/v2\/pages\/104841"}],"wp:featuredmedia":[{"embeddable":true,"href":"https:\/\/nkolimpija.si\/en\/wp-json\/wp\/v2\/media\/101613"}],"wp:attachment":[{"href":"https:\/\/nkolimpija.si\/en\/wp-json\/wp\/v2\/media?parent=104886"}],"curies":[{"name":"wp","href":"https:\/\/api.w.org\/{rel}","templated":true}]}}