{"id":104895,"date":"2025-01-16T13:44:56","date_gmt":"2025-01-16T12:44:56","guid":{"rendered":"https:\/\/nkolimpija.si\/club\/history-of-the-club\/2019-21\/"},"modified":"2025-06-04T18:23:44","modified_gmt":"2025-06-04T17:23:44","slug":"2019-21","status":"publish","type":"page","link":"https:\/\/nkolimpija.si\/en\/club\/history-of-the-club\/2019-21\/","title":{"rendered":"2019-2021"},"content":{"rendered":"<p>[et_pb_section fb_built=&#8221;1&#8243; module_class=&#8221;dp_bread&#8221; _builder_version=&#8221;4.27.4&#8243; _module_preset=&#8221;default&#8221; background_image=&#8221;https:\/\/nkolimpija.si\/wp-content\/uploads\/2024\/11\/Olimpija_Rijeka_0030_240829_NM-scaled-1.jpg&#8221; background_enable_image=&#8221;on&#8221; background_blend=&#8221;overlay&#8221; locked=&#8221;off&#8221; global_colors_info=&#8221;{}&#8221;][et_pb_row _builder_version=&#8221;4.21.0&#8243; _module_preset=&#8221;default&#8221; custom_padding=&#8221;57px||||false|false&#8221; global_colors_info=&#8221;{}&#8221;][et_pb_column type=&#8221;4_4&#8243; _builder_version=&#8221;4.21.0&#8243; _module_preset=&#8221;default&#8221; global_colors_info=&#8221;{}&#8221;][et_pb_text _builder_version=&#8221;4.21.0&#8243; _dynamic_attributes=&#8221;content&#8221; _module_preset=&#8221;default&#8221; text_text_color=&#8221;#FFFFFF&#8221; text_font_size=&#8221;50px&#8221; text_line_height=&#8221;30px&#8221; text_font_size_tablet=&#8221;50px&#8221; text_font_size_phone=&#8221;30px&#8221; text_font_size_last_edited=&#8221;on|phone&#8221; global_colors_info=&#8221;{}&#8221;]@ET-DC@eyJkeW5hbWljIjp0cnVlLCJjb250ZW50IjoicG9zdF90aXRsZSIsInNldHRpbmdzIjp7ImJlZm9yZSI6IiIsImFmdGVyIjoiIiwiZW5hYmxlX2h0bWwiOiJvZmYifX0=@[\/et_pb_text][\/et_pb_column][\/et_pb_row][et_pb_row _builder_version=&#8221;4.21.0&#8243; _module_preset=&#8221;default&#8221; custom_padding=&#8221;0px||||false|false&#8221; global_colors_info=&#8221;{}&#8221;][et_pb_column type=&#8221;4_4&#8243; _builder_version=&#8221;4.21.0&#8243; _module_preset=&#8221;default&#8221; global_colors_info=&#8221;{}&#8221;][et_pb_text _builder_version=&#8221;4.21.0&#8243; _module_preset=&#8221;default&#8221; global_colors_info=&#8221;{}&#8221;]<ul id=\"dpprof_breadcrumbs\" class=\"dpprof_breadcrumbs\"><li class=\"item-home\"><a class=\"bread-link bread-home\" href=\"https:\/\/nkolimpija.si\/en\/\" title=\"Home\">Home<\/a><\/li><li class=\"separator separator-home\"> \/ <\/li><\/ul>[\/et_pb_text][\/et_pb_column][\/et_pb_row][\/et_pb_section][et_pb_section fb_built=&#8221;1&#8243; _builder_version=&#8221;4.27.4&#8243; _module_preset=&#8221;default&#8221; background_enable_color=&#8221;off&#8221; background_image=&#8221;https:\/\/nkolimpija.si\/wp-content\/uploads\/2024\/11\/ozadje6.png&#8221; background_enable_image=&#8221;on&#8221; custom_padding=&#8221;100px||50px||false|false&#8221; global_colors_info=&#8221;{}&#8221;][et_pb_row column_structure=&#8221;3_5,2_5&#8243; _builder_version=&#8221;4.27.4&#8243; _module_preset=&#8221;default&#8221; custom_padding=&#8221;2px||56px|||&#8221; global_colors_info=&#8221;{}&#8221;][et_pb_column type=&#8221;3_5&#8243; _builder_version=&#8221;4.27.4&#8243; _module_preset=&#8221;default&#8221; global_colors_info=&#8221;{}&#8221;][et_pb_image src=&#8221;https:\/\/nkolimpija.si\/wp-content\/uploads\/2024\/11\/olimp2021.webp&#8221; title_text=&#8221;olymp2021&#8243; align_tablet=&#8221;center&#8221; align_phone=&#8221;center&#8221; align_last_edited=&#8221;on|tablet&#8221; _builder_version=&#8221;4.27.4&#8243; _module_preset=&#8221;default&#8221; global_colors_info=&#8221;{}&#8221;][\/et_pb_image][\/et_pb_column][et_pb_column type=&#8221;2_5&#8243; _builder_version=&#8221;4.27.4&#8243; _module_preset=&#8221;default&#8221; global_colors_info=&#8221;{}&#8221;][et_pb_blurb title=&#8221;2019 &#8211; 2021&#8243; image_icon_background_color=&#8221;#00853f&#8221; admin_label=&#8221;Title&#8221; module_class=&#8221;divifactory_herov1_heading&#8221; _builder_version=&#8221;4.27.4&#8243; _dynamic_attributes=&#8221;link_option_url&#8221; _module_preset=&#8221;default&#8221; header_font=&#8221;|600||on|||||&#8221; header_text_color=&#8221;#00853f&#8221; header_font_size=&#8221;14px&#8221; header_letter_spacing=&#8221;2px&#8221; header_line_height=&#8221;1.2em&#8221; body_font=&#8221;|700|||||||&#8221; body_text_color=&#8221;#051136&#8243; body_font_size=&#8221;38px&#8221; body_line_height=&#8221;1.3em&#8221; custom_margin=&#8221;||20px||false|false&#8221; custom_margin_tablet=&#8221;30px||20px||false|false&#8221; custom_margin_phone=&#8221;30px||20px||false|false&#8221; custom_margin_last_edited=&#8221;on|phone&#8221; custom_padding=&#8221;0px|||0px|false|false&#8221; link_option_url=&#8221;@ET-DC@eyJkeW5hbWljIjp0cnVlLCJjb250ZW50IjoicG9zdF9saW5rX3VybF9wYWdlIiwic2V0dGluZ3MiOnsicG9zdF9pZCI6IjEwMTc0NyIsImVuYWJsZV9odG1sIjoib2ZmIn19@&#8221; text_orientation_tablet=&#8221;center&#8221; text_orientation_phone=&#8221;center&#8221; text_orientation_last_edited=&#8221;on|tablet&#8221; custom_css_blurb_title=&#8221;position: relative;||margin-bottom:15px;||    display: inline-block;||padding-bottom:0;&#8221; custom_css_blurb_content=&#8221;max-width:100%;&#8221; locked=&#8221;off&#8221; global_colors_info=&#8221;{}&#8221; custom_css_blurb_title_last_edited=&#8221;on|tablet&#8221; custom_css_blurb_title_tablet=&#8221;position: relative;||margin-bottom:15px;||    display: inline-block;||padding-bottom:0;&#8221; custom_css_blurb_title_phone=&#8221;position: relative;||margin-bottom:15px;||    display: inline-block;||padding-bottom:0;&#8221;]<\/p>\n<p>Two More Cup Titles<\/p>\n<p>[\/et_pb_blurb][et_pb_text _builder_version=&#8221;4.27.4&#8243; _module_preset=&#8221;default&#8221; text_text_color=&#8221;#020202&#8243; text_line_height=&#8221;28px&#8221; custom_margin=&#8221;||-28px|||&#8221; custom_padding=&#8221;||20px|||&#8221; text_orientation_tablet=&#8221;center&#8221; text_orientation_phone=&#8221;center&#8221; text_orientation_last_edited=&#8221;on|tablet&#8221; global_colors_info=&#8221;{}&#8221;]<\/p>\n<p>\n            <span style=\"font-weight: 400;\">A year later, Olimpija put a new laurel in the showcase. 30. In May 2019, the Dragons, led by coach Safet Had\u017ei\u0107, faced Maribor in the Celje Cup final and defeated them 2:1 after an excellent performance and two goals from Stefan Savi\u0107. In May 2021, Olimpija was again looking forward to winning the cup competition. Coach Goran Stankovi\u0107 led the Dragons to a victory over Celje at the Bonifika in Koper, with \u0110or\u0111e Ivanovi\u0107 and Nik Kapun scoring for Olimpija in a 2:1 victory.    <\/span>\n          <\/p>\n<p>\n            <span style=\"font-weight: 400;\">A new important milestone in the club&#8217;s history occurred in the fall of 2021 when, after six years at the helm, Milan Mandari\u0107 bid farewell to Olimpija. He sold the club to the German businessman Adam Delius, who arrived in Ljubljana with a clear goal: to elevate Olimpija to a significantly higher level, both in terms of results and, above all, organizationally. <\/span>\n          <\/p>\n<p>[\/et_pb_text][\/et_pb_column][\/et_pb_row][\/et_pb_section][et_pb_section fb_built=&#8221;1&#8243; custom_padding_last_edited=&#8221;on|phone&#8221; admin_label=&#8221;CTA Style 4 Main Section &#8221; _builder_version=&#8221;4.27.4&#8243; _module_preset=&#8221;default&#8221; background_color=&#8221;rgba(0,0,0,0.78)&#8221; background_image=&#8221;https:\/\/nkolimpija.si\/wp-content\/uploads\/2024\/11\/IMG_3357.jpeg&#8221; background_enable_image=&#8221;on&#8221; background_blend=&#8221;overlay&#8221; custom_padding=&#8221;||32px||false|false&#8221; custom_padding_tablet=&#8221;||32px||false|false&#8221; custom_padding_phone=&#8221;||32px||false|false&#8221; global_module=&#8221;101336&#8243; locked=&#8221;off&#8221; global_colors_info=&#8221;{}&#8221;][et_pb_row use_custom_gutter=&#8221;on&#8221; gutter_width=&#8221;2&#8243; custom_padding_last_edited=&#8221;on|tablet&#8221; admin_label=&#8221;CTA Style 4 Main Section Row 1&#8243; module_class=&#8221;divifactory_ctav4_heading&#8221; _builder_version=&#8221;4.27.4&#8243; _module_preset=&#8221;default&#8221; width=&#8221;90%&#8221; custom_margin_tablet=&#8221;&#8221; custom_margin_phone=&#8221;||||false|false&#8221; custom_margin_last_edited=&#8221;on|phone&#8221; custom_padding=&#8221;||59px|||&#8221; custom_padding_tablet=&#8221;||0px||false|false&#8221; custom_padding_phone=&#8221;||40px||false|false&#8221; locked=&#8221;off&#8221; global_colors_info=&#8221;{}&#8221;][et_pb_column type=&#8221;4_4&#8243; _builder_version=&#8221;4.19.3&#8243; _module_preset=&#8221;default&#8221; global_colors_info=&#8221;{}&#8221;][et_pb_blurb title=&#8221;Tickets&#8221; admin_label=&#8221;Title&#8221; _builder_version=&#8221;4.27.4&#8243; _module_preset=&#8221;default&#8221; header_font=&#8221;|600||on|||||&#8221; header_text_color=&#8221;#00853f&#8221; header_font_size=&#8221;14px&#8221; header_letter_spacing=&#8221;2px&#8221; header_line_height=&#8221;1.2em&#8221; body_font=&#8221;|700|||||||&#8221; body_text_color=&#8221;#FFFFFF&#8221; body_font_size=&#8221;33px&#8221; body_line_height=&#8221;1.3em&#8221; text_orientation=&#8221;center&#8221; custom_margin=&#8221;||33px|||&#8221; text_orientation_tablet=&#8221;center&#8221; text_orientation_phone=&#8221;center&#8221; text_orientation_last_edited=&#8221;on|tablet&#8221; custom_css_blurb_title=&#8221;position: relative;||margin-bottom:15px;||    display: inline-block;||padding-bottom:0;&#8221; custom_css_blurb_content=&#8221;max-width:100%;&#8221; locked=&#8221;off&#8221; global_colors_info=&#8221;{}&#8221; custom_css_blurb_title_last_edited=&#8221;on|tablet&#8221; custom_css_blurb_title_tablet=&#8221;position: relative;||margin-bottom:15px;||    display: inline-block;||padding-bottom:0;&#8221; custom_css_blurb_title_phone=&#8221;position: relative;||margin-bottom:15px;||    display: inline-block;||padding-bottom:0;&#8221;]<\/p>\n<p>Support the Dragons!<\/p>\n<p>[\/et_pb_blurb][et_pb_blurb use_icon=&#8221;on&#8221; font_icon=&#8221;&#xf078;||fa||900&#8243; image_icon_width=&#8221;25px&#8221; icon_placement_tablet=&#8221;top&#8221; icon_placement_phone=&#8221;top&#8221; icon_placement_last_edited=&#8221;on|tablet&#8221; admin_label=&#8221;Icon &#038; Title &#038; Description&#8221; module_class=&#8221;divifactory_ctav1_blurb&#8221; _builder_version=&#8221;4.27.4&#8243; _module_preset=&#8221;default&#8221; header_text_color=&#8221;#FFFFFF&#8221; header_font_size=&#8221;16px&#8221; body_font=&#8221;|600|||||||&#8221; body_text_color=&#8221;#FFFFFF&#8221; body_font_size=&#8221;24px&#8221; custom_margin=&#8221;-20px||0px||false|false&#8221; custom_padding=&#8221;11px||0px|||&#8221; text_orientation_tablet=&#8221;center&#8221; text_orientation_phone=&#8221;center&#8221; text_orientation_last_edited=&#8221;on|tablet&#8221; global_colors_info=&#8221;{}&#8221;][\/et_pb_blurb][et_pb_button button_url=&#8221;https:\/\/shop.nkolimpija.si\/en\/tickets.html&#8221; url_new_window=&#8221;on&#8221; button_text=&#8221;buy tickets&#8221; button_alignment=&#8221;center&#8221; _builder_version=&#8221;4.27.4&#8243; _module_preset=&#8221;default&#8221; custom_button=&#8221;on&#8221; button_text_size=&#8221;17px&#8221; button_text_color=&#8221;#FFFFFF&#8221; button_bg_color=&#8221;#00853f&#8221; button_border_width=&#8221;0px&#8221; button_border_color=&#8221;#FFFFFF&#8221; button_border_radius=&#8221;10px&#8221; button_letter_spacing=&#8221;2px&#8221; button_font=&#8221;gotham|500||on|||||&#8221; button_icon=&#8221;&#x41;||divi||400&#8243; custom_padding=&#8221;16px|48px|16px|48px|true|true&#8221; animation_style=&#8221;slide&#8221; animation_delay=&#8221;300ms&#8221; hover_transition_delay=&#8221;50ms&#8221; global_colors_info=&#8221;{}&#8221; button_bg_color__hover_enabled=&#8221;on|desktop&#8221; button_bg_color__hover=&#8221;#00853f&#8221; button_bg_enable_color__hover=&#8221;on&#8221;][\/et_pb_button][\/et_pb_column][\/et_pb_row][\/et_pb_section]<\/p>\n","protected":false},"excerpt":{"rendered":"<p><ul id=\"dpprof_breadcrumbs\" class=\"dpprof_breadcrumbs\"><li class=\"item-home\"><a class=\"bread-link bread-home\" href=\"https:\/\/nkolimpija.si\/en\/\" title=\"Home\">Home<\/a><\/li><li class=\"separator separator-home\"> \/ <\/li><\/ul>Two More Cup Titles A year later, Olimpija put a new laurel in the showcase. 30. In May 2019, the Dragons, led by coach Safet Had\u017ei\u0107, faced Maribor in the Celje Cup final and defeated them 2:1 after an excellent performance and two goals from Stefan Savi\u0107. In May 2021, Olimpija was again looking forward [&hellip;]<\/p>\n","protected":false},"author":1,"featured_media":101456,"parent":104841,"menu_order":0,"comment_status":"closed","ping_status":"closed","template":"","meta":{"_et_pb_use_builder":"on","_et_pb_old_content":"","_et_gb_content_width":"","footnotes":""},"class_list":["post-104895","page","type-page","status-publish","has-post-thumbnail","hentry"],"aioseo_notices":[],"_links":{"self":[{"href":"https:\/\/nkolimpija.si\/en\/wp-json\/wp\/v2\/pages\/104895","targetHints":{"allow":["GET"]}}],"collection":[{"href":"https:\/\/nkolimpija.si\/en\/wp-json\/wp\/v2\/pages"}],"about":[{"href":"https:\/\/nkolimpija.si\/en\/wp-json\/wp\/v2\/types\/page"}],"author":[{"embeddable":true,"href":"https:\/\/nkolimpija.si\/en\/wp-json\/wp\/v2\/users\/1"}],"replies":[{"embeddable":true,"href":"https:\/\/nkolimpija.si\/en\/wp-json\/wp\/v2\/comments?post=104895"}],"version-history":[{"count":0,"href":"https:\/\/nkolimpija.si\/en\/wp-json\/wp\/v2\/pages\/104895\/revisions"}],"up":[{"embeddable":true,"href":"https:\/\/nkolimpija.si\/en\/wp-json\/wp\/v2\/pages\/104841"}],"wp:featuredmedia":[{"embeddable":true,"href":"https:\/\/nkolimpija.si\/en\/wp-json\/wp\/v2\/media\/101456"}],"wp:attachment":[{"href":"https:\/\/nkolimpija.si\/en\/wp-json\/wp\/v2\/media?parent=104895"}],"curies":[{"name":"wp","href":"https:\/\/api.w.org\/{rel}","templated":true}]}}